{"id":10879,"date":"2014-02-20T17:25:35","date_gmt":"2014-02-20T15:25:35","guid":{"rendered":"https:\/\/www.biosaffair.de\/kontakt-impressum\/"},"modified":"2025-08-31T09:26:52","modified_gmt":"2025-08-31T07:26:52","slug":"kontakt-impressum","status":"publish","type":"page","link":"https:\/\/www.biosaffair.de\/en\/kontakt-impressum\/","title":{"rendered":"Contact and imprint"},"content":{"rendered":"<h1>Contact &amp; Imprint:<br \/>\nbios affair \u2013 Sch\u00f6ne Betten und Matratzen<\/h1>\n<p>We are an independent retailer in Frankfurt\/ Main and run a bed store.<\/p>\n<p><strong>Store and exhibiton:<\/strong> H\u00f6henstra\u00dfe 16 in 60385 Frankfurt am Main<br \/>\nThe store has a sales area of 310 square meters in 2 buildings.<br \/>\n<strong>Opening hours:<br \/>\n<\/strong>Mondays to Fridays from 11 a.m. &#8211; 7 p.m., Saturdays from 10 a.m. &#8211; 6 p.m.<br \/>\n<strong>Phone:<\/strong> +49 (0)69 \/ 49 80 143<br \/>\n<strong>Orders by e-mail:<\/strong>\u00a0<a>info@biosaffair.de<\/a><br \/>\nor by fax: 069\/44 60 23<\/p>\n<p><strong>How to find us in Frankfurt:<\/strong>\u00a0 <a href=\"https:\/\/www.biosaffair.de\/en\/bios-affair-im-stadtplan\/\">City map Frankfurt<\/a><br \/>\n<strong>Parking<\/strong>\u00a0in the back \u00a0yard<\/p>\n<p>&nbsp;<\/p>\n<p><strong>Terms of payment<\/strong><br \/>\n<strong>a) Sales at the store and deliveries by us: <\/strong>payment at the delivery of the goods<br \/>\n<strong>b)\u00a0When shipping within Germany: <\/strong>50% of the purchase price as a deposit when ordering, the second half is due upon delivery of the goods<br \/>\n<strong>c) Shipment outside of Germany: <\/strong>payment in advance<\/p>\n<p><strong>Shipping costs<\/strong> are determined individually, depending on the size of the goods and the distance.<br \/>\nOur\u00a0\u00a0<strong><a title=\"Allgemeine Gesch\u00e4ftsbedingungen bios affair\" href=\"https:\/\/www.biosaffair.de\/en\/geschaeftsbedingungen-bios-affair\/\">terms and conditions apply<\/a><\/strong>\u00a0(please click)<\/p>\n<p>&nbsp;<\/p>\n<p><strong>Vaz Bassing\u00a0 Postl GbR<\/strong><br \/>\nOwners: Rainer Postl, Lucia Vaz Bassing<br \/>\nH\u00f6henstr. 16 in 60385 Frankfurt \/ Main<\/p>\n<p>Ust.-Id.-Nr. DE 221 284 239<\/p>\n<p>&nbsp;<\/p>\n<h2>Data protection<\/h2>\n<p><span style=\"font-size: 14pt;\"><strong>1. Datenschutz im \u00dcberblick<\/strong><\/span><\/p>\n<p><strong>Allgemeine Hinweise<\/strong><\/p>\n<p>Die folgenden Hinweise geben einen einfachen \u00dcberblick dar\u00fcber, was mit Ihren personenbezogenen Daten passiert, wenn Sie unsere Website besuchen. Personenbezogene Daten sind alle Daten, mit denen Sie pers\u00f6nlich identifiziert werden k\u00f6nnen. Ausf\u00fchrliche Informationen zum Thema Datenschutz entnehmen Sie unserer unter diesem Text aufgef\u00fchrten Datenschutzerkl\u00e4rung.<\/p>\n<p><span style=\"font-size: 14pt;\"><strong>Datenerfassung auf unserer Website<\/strong><\/span><\/p>\n<p><strong>Wer ist verantwortlich f\u00fcr die Datenerfassung auf dieser Website?<\/strong><\/p>\n<p>Die Datenverarbeitung auf dieser Website erfolgt durch den Websitebetreiber. Dessen Kontaktdaten finden Sie oben im Impressum dieser Seite.<\/p>\n<p><strong>Wie erfassen wir Ihre Daten?<\/strong><\/p>\n<p>Ihre Daten werden dadurch erhoben, dass Sie uns diese per Mail mitteilen.<\/p>\n<p>Andere Daten werden automatisch beim Besuch der Website durch unsere IT-Systeme erfasst. Das sind vor allem technische Daten (z.B. Internetbrowser, Betriebssystem oder Uhrzeit des Seitenaufrufs). Die Erfassung dieser Daten erfolgt automatisch, sobald Sie unsere Website betreten.<\/p>\n<p><strong>Wof\u00fcr nutzen wir Ihre Daten?<\/strong><\/p>\n<p>Die Daten werden erhoben, um eine fehlerfreie Bereitstellung der Website zu gew\u00e4hrleisten.<\/p>\n<p><strong>Welche Rechte haben Sie bez\u00fcglich Ihrer Daten?<\/strong><\/p>\n<p>Sie haben jederzeit das Recht unentgeltlich Auskunft \u00fcber Herkunft, Empf\u00e4nger und Zweck Ihrer gespeicherten personenbezogenen Daten zu erhalten. Sie haben au\u00dferdem ein Recht, die Berichtigung, Sperrung oder L\u00f6schung dieser Daten zu verlangen. Hierzu sowie zu weiteren Fragen zum Thema Datenschutz k\u00f6nnen Sie sich jederzeit unter der im Impressum angegebenen Adresse an uns wenden. Des Weiteren steht Ihnen ein Beschwerderecht bei der zust\u00e4ndigen Aufsichtsbeh\u00f6rde zu.<\/p>\n<p><span style=\"font-size: 12pt;\"><strong>Analyse-Tools und Tools von Drittanbietern<\/strong><\/span><\/p>\n<p>Wir verwenden keine Analysenprogramme und setzen auch keine Cookies. Das hei\u00dft wir verfolgen Sie nicht und analysieren nicht Ihr Surf-Verhalten.<\/p>\n<p>&nbsp;<\/p>\n<p><span style=\"font-size: 14pt;\"><strong>2. Allgemeine Hinweise und Pflichtinformationen<\/strong><\/span><\/p>\n<p><strong>Datenschutz<\/strong><\/p>\n<p>Die Betreiber dieser Seiten nehmen den Schutz Ihrer pers\u00f6nlichen Daten sehr ernst. Wir behandeln Ihre personenbezogenen Daten vertraulich und entsprechend der gesetzlichen Datenschutzvorschriften sowie dieser Datenschutzerkl\u00e4rung.<\/p>\n<p>Wenn Sie diese Website benutzen, werden verschiedene personenbezogene Daten erhoben. Personenbezogene Daten sind Daten, mit denen Sie pers\u00f6nlich identifiziert werden k\u00f6nnen. Die vorliegende Datenschutzerkl\u00e4rung erl\u00e4utert, welche Daten wir erheben und wof\u00fcr wir sie nutzen. Sie erl\u00e4utert auch, wie und zu welchem Zweck das geschieht.<\/p>\n<p>Wir weisen darauf hin, dass die Daten\u00fcbertragung im Internet (z.B. bei der Kommunikation per E-Mail) Sicherheitsl\u00fccken aufweisen kann. Ein l\u00fcckenloser Schutz der Daten vor dem Zugriff durch Dritte ist nicht m\u00f6glich.<\/p>\n<p><span style=\"font-size: 14pt;\"><strong>Hinweis zur verantwortlichen Stelle<\/strong><\/span><\/p>\n<p>Die verantwortliche Stelle f\u00fcr die Datenverarbeitung auf dieser Website ist:<\/p>\n<p><strong>Fischer, Postl, Vaz Bassing GbR<\/strong><br \/>\nH\u00f6henstr. 16 in 60385 Frankfurt \/ Main<\/p>\n<p>Telefon: 069 49 80 143<br \/>\nE-Mail: info@biosaffair.de<\/p>\n<p>Verantwortliche Stelle ist die nat\u00fcrliche oder juristische Person, die allein oder gemeinsam mit anderen \u00fcber die Zwecke und Mittel der Verarbeitung von personenbezogenen Daten (z.B. Namen, E-Mail-Adressen o. \u00c4.) entscheidet.<\/p>\n<p><strong>Widerruf Ihrer Einwilligung zur Datenverarbeitung<\/strong><\/p>\n<p>Viele Datenverarbeitungsvorg\u00e4nge sind nur mit Ihrer ausdr\u00fccklichen Einwilligung m\u00f6glich. Sie k\u00f6nnen eine bereits erteilte Einwilligung jederzeit widerrufen. Dazu reicht eine formlose Mitteilung per E-Mail an uns. Die Rechtm\u00e4\u00dfigkeit der bis zum Widerruf erfolgten Datenverarbeitung bleibt vom Widerruf unber\u00fchrt.<\/p>\n<p><span style=\"font-size: 12pt;\"><strong>Beschwerderecht bei der zust\u00e4ndigen Aufsichtsbeh\u00f6rde<\/strong><\/span><\/p>\n<p>Im Falle datenschutzrechtlicher Verst\u00f6\u00dfe steht dem Betroffenen ein Beschwerderecht bei der zust\u00e4ndigen Aufsichtsbeh\u00f6rde zu. Zust\u00e4ndige Aufsichtsbeh\u00f6rde in datenschutzrechtlichen Fragen ist der Landesdatenschutzbeauftragte des Bundeslandes, in dem unser Unternehmen seinen Sitz hat. Eine Liste der Datenschutzbeauftragten sowie deren Kontaktdaten k\u00f6nnen folgendem Link entnommen werden: <a href=\"https:\/\/www.bfdi.bund.de\/DE\/Service\/Anschriften\/anschriften_node.html\" target=\"_blank\" rel=\"noopener noreferrer\">https:\/\/www.bfdi.bund.de\/DE\/Infothek\/Anschriften_Links\/anschriften_links-node.html<\/a>.<\/p>\n<p><span style=\"font-size: 12pt;\"><strong>Recht auf Daten\u00fcbertragbarkeit<\/strong><\/span><\/p>\n<p>Sie haben das Recht, Daten, die wir auf Grundlage Ihrer Einwilligung oder in Erf\u00fcllung eines Vertrags automatisiert verarbeiten, an sich oder an einen Dritten in einem g\u00e4ngigen, maschinenlesbaren Format aush\u00e4ndigen zu lassen. Sofern Sie die direkte \u00dcbertragung der Daten an einen anderen Verantwortlichen verlangen, erfolgt dies nur, soweit es technisch machbar ist.<\/p>\n<p><span style=\"font-size: 12pt;\"><strong>SSL- bzw. TLS-Verschl\u00fcsselung<\/strong><\/span><\/p>\n<p>Diese Seite nutzt aus Sicherheitsgr\u00fcnden und zum Schutz der \u00dcbertragung vertraulicher Inhalte, wie zum Beispiel Bestellungen oder Anfragen, die Sie an uns als Seitenbetreiber senden, eine SSL-bzw. TLS-Verschl\u00fcsselung. Eine verschl\u00fcsselte Verbindung erkennen Sie daran, dass die Adresszeile des Browsers von \u201chttp:\/\/\u201d auf \u201chttps:\/\/\u201d wechselt und an dem Schloss-Symbol in Ihrer Browserzeile.<\/p>\n<p>Wenn die SSL- bzw. TLS-Verschl\u00fcsselung aktiviert ist, k\u00f6nnen die Daten, die Sie an uns \u00fcbermitteln, nicht von Dritten mitgelesen werden.<\/p>\n<p><strong>Auskunft, Sperrung, L\u00f6schung<\/strong><\/p>\n<p>Sie haben im Rahmen der geltenden gesetzlichen Bestimmungen jederzeit das Recht auf unentgeltliche Auskunft \u00fcber Ihre gespeicherten personenbezogenen Daten, deren Herkunft und Empf\u00e4nger und den Zweck der Datenverarbeitung und ggf. ein Recht auf Berichtigung, Sperrung oder L\u00f6schung dieser Daten. Hierzu sowie zu weiteren Fragen zum Thema personenbezogene Daten k\u00f6nnen Sie sich jederzeit unter der im Impressum angegebenen Adresse an uns wenden.<\/p>\n<p><span style=\"font-size: 14pt;\"><strong>3. Datenerfassung auf unserer Website<\/strong><\/span><\/p>\n<p><strong>Server-Log-Dateien<\/strong><\/p>\n<p>Der Provider der Seiten erhebt und speichert automatisch Informationen in so genannten Server-Log-Dateien, die Ihr Browser automatisch an uns \u00fcbermittelt. Dies sind:<\/p>\n<ul>\n<li>Browsertyp und Browserversion<\/li>\n<li>verwendetes Betriebssystem<\/li>\n<li>Referrer URL<\/li>\n<li>Hostname des zugreifenden Rechners<\/li>\n<li>Uhrzeit der Serveranfrage<\/li>\n<li>IP-Adresse<\/li>\n<\/ul>\n<p>Eine Zusammenf\u00fchrung dieser Daten mit anderen Datenquellen wird nicht vorgenommen.<\/p>\n<p>Grundlage f\u00fcr die Datenverarbeitung ist Art. 6 Abs. 1 lit. f DSGVO, der die Verarbeitung von Daten zur Erf\u00fcllung eines Vertrags oder vorvertraglicher Ma\u00dfnahmen gestattet.<\/p>\n<p>&nbsp;<\/p>\n<p><span style=\"font-size: 14pt;\"><strong>4. Analyse Tools\u00a0werden nicht eingesetzt!<\/strong><\/span><\/p>\n<h2><\/h2>\n<p><span style=\"font-size: 14pt;\"><strong>5. Plugins und Tools<\/strong><\/span><\/p>\n<p><strong><span style=\"font-size: 12pt;\">Google Web Fonts<\/span><\/strong><\/p>\n<p>Diese Seite nutzt zur einheitlichen Darstellung von Schriftarten so genannte Web Fonts, die von Google bereitgestellt werden. Beim Aufruf einer Seite l\u00e4dt Ihr Browser die ben\u00f6tigten Web Fonts in ihren Browsercache, um Texte und Schriftarten korrekt anzuzeigen.<\/p>\n<p>Zu diesem Zweck muss der von Ihnen verwendete Browser Verbindung zu den Servern von Google aufnehmen. Hierdurch erlangt Google Kenntnis dar\u00fcber, dass \u00fcber Ihre IP-Adresse unsere Website aufgerufen wurde. Die Nutzung von Google Web Fonts erfolgt im Interesse einer einheitlichen und ansprechenden Darstellung unserer Online-Angebote. Dies stellt ein berechtigtes Interesse im Sinne von Art. 6 Abs. 1 lit. f DSGVO dar.<\/p>\n<p>Wenn Ihr Browser Web Fonts nicht unterst\u00fctzt, wird eine Standardschrift von Ihrem Computer genutzt.<\/p>\n<p>Weitere Informationen zu Google Web Fonts finden Sie unter <a href=\"https:\/\/developers.google.com\/fonts\/faq\" target=\"_blank\" rel=\"noopener noreferrer\">https:\/\/developers.google.com\/fonts\/faq<\/a> und in der Datenschutzerkl\u00e4rung von Google: <a href=\"https:\/\/www.google.com\/policies\/privacy\/\" target=\"_blank\" rel=\"noopener noreferrer\">https:\/\/www.google.com\/policies\/privacy\/<\/a>.<\/p>\n<p><strong>Google Maps<\/strong><\/p>\n<p>Diese Seite nutzt \u00fcber eine API den Kartendienst Google Maps. Anbieter ist die Google Inc., 1600 Amphitheatre Parkway, Mountain View, CA 94043, USA.<\/p>\n<p>Zur Nutzung der Funktionen von Google Maps ist es notwendig, Ihre IP Adresse zu speichern. Diese Informationen werden in der Regel an einen Server von Google in den USA \u00fcbertragen und dort gespeichert. Der Anbieter dieser Seite hat keinen Einfluss auf diese Daten\u00fcbertragung.<\/p>\n<p>Die Nutzung von Google Maps erfolgt im Interesse einer ansprechenden Darstellung unserer Online-Angebote und an einer leichten Auffindbarkeit der von uns auf der Website angegebenen Orte. Dies stellt ein berechtigtes Interesse im Sinne von Art. 6 Abs. 1 lit. f DSGVO dar.<\/p>\n<p>Mehr Informationen zum Umgang mit Nutzerdaten finden Sie in der Datenschutzerkl\u00e4rung von Google: <a href=\"https:\/\/www.google.de\/intl\/de\/policies\/privacy\/\" target=\"_blank\" rel=\"noopener noreferrer\">https:\/\/www.google.de\/intl\/de\/policies\/privacy\/<\/a>.<\/p>\n<blockquote><p>&nbsp;<\/p><\/blockquote>\n","protected":false},"excerpt":{"rendered":"<p>Contact &amp; Imprint: bios affair \u2013 Sch\u00f6ne Betten und Matratzen We are an independent retailer in Frankfurt\/ Main&#8230; <a class=\"more\" href=https:\/\/www.biosaffair.de\/en\/kontakt-impressum\/>mehr<\/a><\/p>\n","protected":false},"author":11,"featured_media":0,"parent":0,"menu_order":6,"comment_status":"closed","ping_status":"closed","template":"","meta":{"_acf_changed":false,"footnotes":""},"class_list":["post-10879","page","type-page","status-publish","hentry"],"acf":[],"yoast_head":"<!-- This site is optimized with the Yoast SEO plugin v27.4 - https:\/\/yoast.com\/product\/yoast-seo-wordpress\/ -->\n<title>Contact and imprint - bios affair Frankfurt - Sch\u00f6ne Betten und Matratzen<\/title>\n<meta name=\"robots\" content=\"index, follow, max-snippet:-1, max-image-preview:large, max-video-preview:-1\" \/>\n<link rel=\"canonical\" href=\"https:\/\/www.biosaffair.de\/en\/kontakt-impressum\/\" \/>\n<meta property=\"og:locale\" content=\"en_US\" \/>\n<meta property=\"og:type\" content=\"article\" \/>\n<meta property=\"og:title\" content=\"Contact and imprint - bios affair Frankfurt - Sch\u00f6ne Betten und Matratzen\" \/>\n<meta property=\"og:description\" content=\"Contact &amp; Imprint: bios affair \u2013 Sch\u00f6ne Betten und Matratzen We are an independent retailer in Frankfurt\/ Main... mehr\" \/>\n<meta property=\"og:url\" content=\"https:\/\/www.biosaffair.de\/en\/kontakt-impressum\/\" \/>\n<meta property=\"og:site_name\" content=\"bios affair Frankfurt - Sch\u00f6ne Betten und Matratzen\" \/>\n<meta property=\"article:modified_time\" content=\"2025-08-31T07:26:52+00:00\" \/>\n<meta name=\"twitter:card\" content=\"summary_large_image\" \/>\n<meta name=\"twitter:label1\" content=\"Est. reading time\" \/>\n\t<meta name=\"twitter:data1\" content=\"6 minutes\" \/>\n<script type=\"application\/ld+json\" class=\"yoast-schema-graph\">{\"@context\":\"https:\\\/\\\/schema.org\",\"@graph\":[{\"@type\":\"WebPage\",\"@id\":\"https:\\\/\\\/www.biosaffair.de\\\/en\\\/kontakt-impressum\\\/\",\"url\":\"https:\\\/\\\/www.biosaffair.de\\\/en\\\/kontakt-impressum\\\/\",\"name\":\"Contact and imprint - bios affair Frankfurt - Sch\u00f6ne Betten und Matratzen\",\"isPartOf\":{\"@id\":\"https:\\\/\\\/www.biosaffair.de\\\/en\\\/#website\"},\"datePublished\":\"2014-02-20T15:25:35+00:00\",\"dateModified\":\"2025-08-31T07:26:52+00:00\",\"breadcrumb\":{\"@id\":\"https:\\\/\\\/www.biosaffair.de\\\/en\\\/kontakt-impressum\\\/#breadcrumb\"},\"inLanguage\":\"en-US\",\"potentialAction\":[{\"@type\":\"ReadAction\",\"target\":[\"https:\\\/\\\/www.biosaffair.de\\\/en\\\/kontakt-impressum\\\/\"]}]},{\"@type\":\"BreadcrumbList\",\"@id\":\"https:\\\/\\\/www.biosaffair.de\\\/en\\\/kontakt-impressum\\\/#breadcrumb\",\"itemListElement\":[{\"@type\":\"ListItem\",\"position\":1,\"name\":\"Startseite\",\"item\":\"https:\\\/\\\/www.biosaffair.de\\\/en\\\/\"},{\"@type\":\"ListItem\",\"position\":2,\"name\":\"Contact and imprint\"}]},{\"@type\":\"WebSite\",\"@id\":\"https:\\\/\\\/www.biosaffair.de\\\/en\\\/#website\",\"url\":\"https:\\\/\\\/www.biosaffair.de\\\/en\\\/\",\"name\":\"bios affair Frankfurt - Sch\u00f6ne Betten und Matratzen\",\"description\":\"Bio Matatzen, Massivholzbetten und Schlafsofas in Frankfurt\",\"publisher\":{\"@id\":\"https:\\\/\\\/www.biosaffair.de\\\/en\\\/#organization\"},\"potentialAction\":[{\"@type\":\"SearchAction\",\"target\":{\"@type\":\"EntryPoint\",\"urlTemplate\":\"https:\\\/\\\/www.biosaffair.de\\\/en\\\/?s={search_term_string}\"},\"query-input\":{\"@type\":\"PropertyValueSpecification\",\"valueRequired\":true,\"valueName\":\"search_term_string\"}}],\"inLanguage\":\"en-US\"},{\"@type\":\"Organization\",\"@id\":\"https:\\\/\\\/www.biosaffair.de\\\/en\\\/#organization\",\"name\":\"bios affair\",\"url\":\"https:\\\/\\\/www.biosaffair.de\\\/en\\\/\",\"logo\":{\"@type\":\"ImageObject\",\"inLanguage\":\"en-US\",\"@id\":\"https:\\\/\\\/www.biosaffair.de\\\/en\\\/#\\\/schema\\\/logo\\\/image\\\/\",\"url\":\"https:\\\/\\\/www.biosaffair.de\\\/wp-content\\\/uploads\\\/2018\\\/08\\\/Logobios5cm.jpg\",\"contentUrl\":\"https:\\\/\\\/www.biosaffair.de\\\/wp-content\\\/uploads\\\/2018\\\/08\\\/Logobios5cm.jpg\",\"width\":472,\"height\":334,\"caption\":\"bios affair\"},\"image\":{\"@id\":\"https:\\\/\\\/www.biosaffair.de\\\/en\\\/#\\\/schema\\\/logo\\\/image\\\/\"}}]}<\/script>\n<!-- \/ Yoast SEO plugin. -->","yoast_head_json":{"title":"Contact and imprint - bios affair Frankfurt - Sch\u00f6ne Betten und Matratzen","robots":{"index":"index","follow":"follow","max-snippet":"max-snippet:-1","max-image-preview":"max-image-preview:large","max-video-preview":"max-video-preview:-1"},"canonical":"https:\/\/www.biosaffair.de\/en\/kontakt-impressum\/","og_locale":"en_US","og_type":"article","og_title":"Contact and imprint - bios affair Frankfurt - Sch\u00f6ne Betten und Matratzen","og_description":"Contact &amp; Imprint: bios affair \u2013 Sch\u00f6ne Betten und Matratzen We are an independent retailer in Frankfurt\/ Main... mehr","og_url":"https:\/\/www.biosaffair.de\/en\/kontakt-impressum\/","og_site_name":"bios affair Frankfurt - Sch\u00f6ne Betten und Matratzen","article_modified_time":"2025-08-31T07:26:52+00:00","twitter_card":"summary_large_image","twitter_misc":{"Est. reading time":"6 minutes"},"schema":{"@context":"https:\/\/schema.org","@graph":[{"@type":"WebPage","@id":"https:\/\/www.biosaffair.de\/en\/kontakt-impressum\/","url":"https:\/\/www.biosaffair.de\/en\/kontakt-impressum\/","name":"Contact and imprint - bios affair Frankfurt - Sch\u00f6ne Betten und Matratzen","isPartOf":{"@id":"https:\/\/www.biosaffair.de\/en\/#website"},"datePublished":"2014-02-20T15:25:35+00:00","dateModified":"2025-08-31T07:26:52+00:00","breadcrumb":{"@id":"https:\/\/www.biosaffair.de\/en\/kontakt-impressum\/#breadcrumb"},"inLanguage":"en-US","potentialAction":[{"@type":"ReadAction","target":["https:\/\/www.biosaffair.de\/en\/kontakt-impressum\/"]}]},{"@type":"BreadcrumbList","@id":"https:\/\/www.biosaffair.de\/en\/kontakt-impressum\/#breadcrumb","itemListElement":[{"@type":"ListItem","position":1,"name":"Startseite","item":"https:\/\/www.biosaffair.de\/en\/"},{"@type":"ListItem","position":2,"name":"Contact and imprint"}]},{"@type":"WebSite","@id":"https:\/\/www.biosaffair.de\/en\/#website","url":"https:\/\/www.biosaffair.de\/en\/","name":"bios affair Frankfurt - Sch\u00f6ne Betten und Matratzen","description":"Bio Matatzen, Massivholzbetten und Schlafsofas in Frankfurt","publisher":{"@id":"https:\/\/www.biosaffair.de\/en\/#organization"},"potentialAction":[{"@type":"SearchAction","target":{"@type":"EntryPoint","urlTemplate":"https:\/\/www.biosaffair.de\/en\/?s={search_term_string}"},"query-input":{"@type":"PropertyValueSpecification","valueRequired":true,"valueName":"search_term_string"}}],"inLanguage":"en-US"},{"@type":"Organization","@id":"https:\/\/www.biosaffair.de\/en\/#organization","name":"bios affair","url":"https:\/\/www.biosaffair.de\/en\/","logo":{"@type":"ImageObject","inLanguage":"en-US","@id":"https:\/\/www.biosaffair.de\/en\/#\/schema\/logo\/image\/","url":"https:\/\/www.biosaffair.de\/wp-content\/uploads\/2018\/08\/Logobios5cm.jpg","contentUrl":"https:\/\/www.biosaffair.de\/wp-content\/uploads\/2018\/08\/Logobios5cm.jpg","width":472,"height":334,"caption":"bios affair"},"image":{"@id":"https:\/\/www.biosaffair.de\/en\/#\/schema\/logo\/image\/"}}]}},"_links":{"self":[{"href":"https:\/\/www.biosaffair.de\/en\/wp-json\/wp\/v2\/pages\/10879","targetHints":{"allow":["GET"]}}],"collection":[{"href":"https:\/\/www.biosaffair.de\/en\/wp-json\/wp\/v2\/pages"}],"about":[{"href":"https:\/\/www.biosaffair.de\/en\/wp-json\/wp\/v2\/types\/page"}],"author":[{"embeddable":true,"href":"https:\/\/www.biosaffair.de\/en\/wp-json\/wp\/v2\/users\/11"}],"replies":[{"embeddable":true,"href":"https:\/\/www.biosaffair.de\/en\/wp-json\/wp\/v2\/comments?post=10879"}],"version-history":[{"count":1,"href":"https:\/\/www.biosaffair.de\/en\/wp-json\/wp\/v2\/pages\/10879\/revisions"}],"predecessor-version":[{"id":36269,"href":"https:\/\/www.biosaffair.de\/en\/wp-json\/wp\/v2\/pages\/10879\/revisions\/36269"}],"wp:attachment":[{"href":"https:\/\/www.biosaffair.de\/en\/wp-json\/wp\/v2\/media?parent=10879"}],"curies":[{"name":"wp","href":"https:\/\/api.w.org\/{rel}","templated":true}]}}